{"id":974,"date":"2023-07-09T19:58:05","date_gmt":"2023-07-09T19:58:05","guid":{"rendered":"https:\/\/tanjamikolcic.com\/?page_id=974"},"modified":"2024-03-03T21:07:05","modified_gmt":"2024-03-03T21:07:05","slug":"architektur","status":"publish","type":"page","link":"https:\/\/tanjamikolcic.com\/index.php\/de\/architektur\/","title":{"rendered":"Architektur"},"content":{"rendered":"\t\t<div data-elementor-type=\"wp-page\" data-elementor-id=\"974\" class=\"elementor elementor-974\" data-elementor-post-type=\"page\">\n\t\t\t\t\t\t<section class=\"elementor-section elementor-top-section elementor-element elementor-element-1677ad72 elementor-section-height-min-height elementor-section-boxed elementor-section-height-default elementor-section-items-middle\" data-id=\"1677ad72\" data-element_type=\"section\" data-e-type=\"section\" data-settings=\"{&quot;background_background&quot;:&quot;classic&quot;}\">\n\t\t\t\t\t\t<div class=\"elementor-container elementor-column-gap-no\">\n\t\t\t\t\t<div class=\"elementor-column elementor-col-100 elementor-top-column elementor-element elementor-element-77c37a1\" data-id=\"77c37a1\" data-element_type=\"column\" data-e-type=\"column\">\n\t\t\t<div class=\"elementor-widget-wrap elementor-element-populated\">\n\t\t\t\t\t\t<div class=\"elementor-element elementor-element-479c9ed0 elementor-widget elementor-widget-image-carousel\" data-id=\"479c9ed0\" data-element_type=\"widget\" data-e-type=\"widget\" data-settings=\"{&quot;slides_to_show&quot;:&quot;1&quot;,&quot;navigation&quot;:&quot;none&quot;,&quot;pause_on_hover&quot;:&quot;no&quot;,&quot;pause_on_interaction&quot;:&quot;no&quot;,&quot;autoplay_speed&quot;:4000,&quot;autoplay&quot;:&quot;yes&quot;,&quot;infinite&quot;:&quot;yes&quot;,&quot;effect&quot;:&quot;slide&quot;,&quot;speed&quot;:500}\" data-widget_type=\"image-carousel.default\">\n\t\t\t\t\t\t\t<div class=\"elementor-image-carousel-wrapper swiper\" role=\"region\" aria-roledescription=\"carousel\" aria-label=\"Image Carousel\" dir=\"ltr\">\n\t\t\t<div class=\"elementor-image-carousel swiper-wrapper\" aria-live=\"off\">\n\t\t\t\t\t\t\t\t<div class=\"swiper-slide\" role=\"group\" aria-roledescription=\"slide\" aria-label=\"1 of 10\"><figure class=\"swiper-slide-inner\"><img decoding=\"async\" class=\"swiper-slide-image\" src=\"https:\/\/tanjamikolcic.com\/wp-content\/uploads\/2023\/11\/LasLagunas.10.jpg\" alt=\"LasLagunas.10\" \/><\/figure><\/div><div class=\"swiper-slide\" role=\"group\" aria-roledescription=\"slide\" aria-label=\"2 of 10\"><figure class=\"swiper-slide-inner\"><img decoding=\"async\" class=\"swiper-slide-image\" src=\"https:\/\/tanjamikolcic.com\/wp-content\/uploads\/2023\/10\/5.jpg\" alt=\"5\" \/><\/figure><\/div><div class=\"swiper-slide\" role=\"group\" aria-roledescription=\"slide\" aria-label=\"3 of 10\"><figure class=\"swiper-slide-inner\"><img decoding=\"async\" class=\"swiper-slide-image\" src=\"https:\/\/tanjamikolcic.com\/wp-content\/uploads\/2023\/10\/7.jpg\" alt=\"7\" \/><\/figure><\/div><div class=\"swiper-slide\" role=\"group\" aria-roledescription=\"slide\" aria-label=\"4 of 10\"><figure class=\"swiper-slide-inner\"><img decoding=\"async\" class=\"swiper-slide-image\" src=\"https:\/\/tanjamikolcic.com\/wp-content\/uploads\/2023\/10\/6.jpg\" alt=\"6\" \/><\/figure><\/div><div class=\"swiper-slide\" role=\"group\" aria-roledescription=\"slide\" aria-label=\"5 of 10\"><figure class=\"swiper-slide-inner\"><img decoding=\"async\" class=\"swiper-slide-image\" src=\"https:\/\/tanjamikolcic.com\/wp-content\/uploads\/2023\/11\/CasaAzul.2.jpg\" alt=\"CasaAzul.2\" \/><\/figure><\/div><div class=\"swiper-slide\" role=\"group\" aria-roledescription=\"slide\" aria-label=\"6 of 10\"><figure class=\"swiper-slide-inner\"><img decoding=\"async\" class=\"swiper-slide-image\" src=\"https:\/\/tanjamikolcic.com\/wp-content\/uploads\/2023\/11\/Jenkins.24.jpg\" alt=\"Jenkins.24\" \/><\/figure><\/div><div class=\"swiper-slide\" role=\"group\" aria-roledescription=\"slide\" aria-label=\"7 of 10\"><figure class=\"swiper-slide-inner\"><img decoding=\"async\" class=\"swiper-slide-image\" src=\"https:\/\/tanjamikolcic.com\/wp-content\/uploads\/2023\/11\/Oasis.38.jpg\" alt=\"Oasis.38\" \/><\/figure><\/div><div class=\"swiper-slide\" role=\"group\" aria-roledescription=\"slide\" aria-label=\"8 of 10\"><figure class=\"swiper-slide-inner\"><img decoding=\"async\" class=\"swiper-slide-image\" src=\"https:\/\/tanjamikolcic.com\/wp-content\/uploads\/2023\/10\/4.jpg\" alt=\"4\" \/><\/figure><\/div><div class=\"swiper-slide\" role=\"group\" aria-roledescription=\"slide\" aria-label=\"9 of 10\"><figure class=\"swiper-slide-inner\"><img decoding=\"async\" class=\"swiper-slide-image\" src=\"https:\/\/tanjamikolcic.com\/wp-content\/uploads\/2023\/10\/9.jpg\" alt=\"9\" \/><\/figure><\/div><div class=\"swiper-slide\" role=\"group\" aria-roledescription=\"slide\" aria-label=\"10 of 10\"><figure class=\"swiper-slide-inner\"><img decoding=\"async\" class=\"swiper-slide-image\" src=\"https:\/\/tanjamikolcic.com\/wp-content\/uploads\/2023\/10\/2.jpg\" alt=\"2\" \/><\/figure><\/div>\t\t\t<\/div>\n\t\t\t\t\t\t\t\n\t\t\t\t\t\t\t\t\t<\/div>\n\t\t\t\t\t\t<\/div>\n\t\t\t\t\t<\/div>\n\t\t<\/div>\n\t\t\t\t\t<\/div>\n\t\t<\/section>\n\t\t\t\t<section class=\"elementor-section elementor-top-section elementor-element elementor-element-7301bb95 elementor-section-boxed elementor-section-height-default elementor-section-height-default\" data-id=\"7301bb95\" data-element_type=\"section\" data-e-type=\"section\">\n\t\t\t\t\t\t<div class=\"elementor-container elementor-column-gap-wide\">\n\t\t\t\t\t<div class=\"elementor-column elementor-col-100 elementor-top-column elementor-element elementor-element-9292d08\" data-id=\"9292d08\" data-element_type=\"column\" data-e-type=\"column\">\n\t\t\t<div class=\"elementor-widget-wrap elementor-element-populated\">\n\t\t\t\t\t\t<div class=\"elementor-element elementor-element-42e8b76d elementor-widget elementor-widget-heading\" data-id=\"42e8b76d\" data-element_type=\"widget\" data-e-type=\"widget\" data-widget_type=\"heading.default\">\n\t\t\t\t\t<h2 class=\"elementor-heading-title elementor-size-default\">Architektur-, Interieur- und Lifestyle-Fotografin mit Sitz in M\u00e1laga, Spanien.<br>Verf\u00fcgbar f\u00fcr weltweite Buchungen.<\/h2>\t\t\t\t<\/div>\n\t\t\t\t<div class=\"elementor-element elementor-element-66752d5d elementor-align-center elementor-widget elementor-widget-button\" data-id=\"66752d5d\" data-element_type=\"widget\" data-e-type=\"widget\" data-widget_type=\"button.default\">\n\t\t\t\t\t\t\t\t\t\t<a class=\"elementor-button elementor-button-link elementor-size-sm\" href=\"https:\/\/tanjamikolcic.com\/index.php\/de\/hotel-airbnb-immobilien\/\">\n\t\t\t\t\t\t<span class=\"elementor-button-content-wrapper\">\n\t\t\t\t\t\t\t\t\t<span class=\"elementor-button-text\">Mehr erfahren<\/span>\n\t\t\t\t\t<\/span>\n\t\t\t\t\t<\/a>\n\t\t\t\t\t\t\t\t<\/div>\n\t\t\t\t\t<\/div>\n\t\t<\/div>\n\t\t\t\t\t<\/div>\n\t\t<\/section>\n\t\t\t\t<\/div>\n\t\t","protected":false},"excerpt":{"rendered":"<p>Architektur-, Interieur- und Lifestyle-Fotografin mit Sitz in M\u00e1laga, Spanien.Verf\u00fcgbar f\u00fcr weltweite Buchungen. Mehr erfahren<\/p>\n","protected":false},"author":1,"featured_media":0,"parent":0,"menu_order":0,"comment_status":"closed","ping_status":"closed","template":"","meta":{"ocean_post_layout":"full-screen","ocean_both_sidebars_style":"","ocean_both_sidebars_content_width":0,"ocean_both_sidebars_sidebars_width":0,"ocean_sidebar":"0","ocean_second_sidebar":"0","ocean_disable_margins":"enable","ocean_add_body_class":"","ocean_shortcode_before_top_bar":"","ocean_shortcode_after_top_bar":"","ocean_shortcode_before_header":"","ocean_shortcode_after_header":"","ocean_has_shortcode":"","ocean_shortcode_after_title":"","ocean_shortcode_before_footer_widgets":"","ocean_shortcode_after_footer_widgets":"","ocean_shortcode_before_footer_bottom":"","ocean_shortcode_after_footer_bottom":"","ocean_display_top_bar":"default","ocean_display_header":"default","ocean_header_style":"","ocean_center_header_left_menu":"0","ocean_custom_header_template":"0","ocean_custom_logo":0,"ocean_custom_retina_logo":0,"ocean_custom_logo_max_width":0,"ocean_custom_logo_tablet_max_width":0,"ocean_custom_logo_mobile_max_width":0,"ocean_custom_logo_max_height":0,"ocean_custom_logo_tablet_max_height":0,"ocean_custom_logo_mobile_max_height":0,"ocean_header_custom_menu":"60","ocean_menu_typo_font_family":"0","ocean_menu_typo_font_subset":"","ocean_menu_typo_font_size":0,"ocean_menu_typo_font_size_tablet":0,"ocean_menu_typo_font_size_mobile":0,"ocean_menu_typo_font_size_unit":"px","ocean_menu_typo_font_weight":"","ocean_menu_typo_font_weight_tablet":"","ocean_menu_typo_font_weight_mobile":"","ocean_menu_typo_transform":"","ocean_menu_typo_transform_tablet":"","ocean_menu_typo_transform_mobile":"","ocean_menu_typo_line_height":0,"ocean_menu_typo_line_height_tablet":0,"ocean_menu_typo_line_height_mobile":0,"ocean_menu_typo_line_height_unit":"","ocean_menu_typo_spacing":0,"ocean_menu_typo_spacing_tablet":0,"ocean_menu_typo_spacing_mobile":0,"ocean_menu_typo_spacing_unit":"","ocean_menu_link_color":"","ocean_menu_link_color_hover":"","ocean_menu_link_color_active":"","ocean_menu_link_background":"","ocean_menu_link_hover_background":"","ocean_menu_link_active_background":"","ocean_menu_social_links_bg":"","ocean_menu_social_hover_links_bg":"","ocean_menu_social_links_color":"","ocean_menu_social_hover_links_color":"","ocean_disable_title":"on","ocean_disable_heading":"default","ocean_post_title":"","ocean_post_subheading":"","ocean_post_title_style":"","ocean_post_title_background_color":"","ocean_post_title_background":0,"ocean_post_title_bg_image_position":"","ocean_post_title_bg_image_attachment":"","ocean_post_title_bg_image_repeat":"","ocean_post_title_bg_image_size":"","ocean_post_title_height":0,"ocean_post_title_bg_overlay":0.5,"ocean_post_title_bg_overlay_color":"","ocean_disable_breadcrumbs":"default","ocean_breadcrumbs_color":"","ocean_breadcrumbs_separator_color":"","ocean_breadcrumbs_links_color":"","ocean_breadcrumbs_links_hover_color":"","ocean_display_footer_widgets":"default","ocean_display_footer_bottom":"default","ocean_custom_footer_template":"2685","omw_enable_modal_window":"enable","osh_disable_topbar_sticky":"default","osh_disable_header_sticky":"default","osh_sticky_header_style":"default","osh_sticky_header_effect":"","osh_custom_sticky_logo":0,"osh_custom_retina_sticky_logo":0,"osh_custom_sticky_logo_height":0,"osh_background_color":"","osh_links_color":"","osh_links_hover_color":"","osh_links_active_color":"","osh_links_bg_color":"","osh_links_hover_bg_color":"","osh_links_active_bg_color":"","osh_menu_social_links_color":"","osh_menu_social_hover_links_color":"","footnotes":""},"class_list":["post-974","page","type-page","status-publish","hentry","entry"],"yoast_head":"<!-- This site is optimized with the Yoast SEO plugin v27.3 - https:\/\/yoast.com\/product\/yoast-seo-wordpress\/ -->\n<title>Architektur - Tanja Mikolcic Photography<\/title>\n<meta name=\"description\" content=\"Architektur-, Interieur- und Lifestyle-Fotografin mit Sitz in M\u00e1laga, Spanien.Verf\u00fcgbar f\u00fcr weltweite Buchungen.       Mehr erfahren\" \/>\n<meta name=\"robots\" content=\"index, follow, max-snippet:-1, max-image-preview:large, max-video-preview:-1\" \/>\n<link rel=\"canonical\" href=\"https:\/\/tanjamikolcic.com\/index.php\/de\/architektur\/\" \/>\n<meta property=\"og:locale\" content=\"en_GB\" \/>\n<meta property=\"og:type\" content=\"article\" \/>\n<meta property=\"og:title\" content=\"Architektur - Tanja Mikolcic Photography\" \/>\n<meta property=\"og:description\" content=\"Architektur-, Interieur- und Lifestyle-Fotografin mit Sitz in M\u00e1laga, Spanien.Verf\u00fcgbar f\u00fcr weltweite Buchungen.       Mehr erfahren\" \/>\n<meta property=\"og:url\" content=\"https:\/\/tanjamikolcic.com\/index.php\/de\/architektur\/\" \/>\n<meta property=\"og:site_name\" content=\"Tanja Mikolcic Photography\" \/>\n<meta property=\"article:publisher\" content=\"https:\/\/www.facebook.com\/tanja.mikolcic\" \/>\n<meta property=\"article:modified_time\" content=\"2024-03-03T21:07:05+00:00\" \/>\n<meta property=\"og:image\" content=\"https:\/\/tanjamikolcic.com\/wp-content\/uploads\/2023\/11\/LasLagunas.10.jpg\" \/>\n<meta name=\"twitter:card\" content=\"summary_large_image\" \/>\n<meta name=\"twitter:label1\" content=\"Estimated reading time\" \/>\n\t<meta name=\"twitter:data1\" content=\"3 minutes\" \/>\n<script type=\"application\/ld+json\" class=\"yoast-schema-graph\">{\"@context\":\"https:\\\/\\\/schema.org\",\"@graph\":[{\"@type\":\"WebPage\",\"@id\":\"https:\\\/\\\/tanjamikolcic.com\\\/index.php\\\/de\\\/architektur\\\/\",\"url\":\"https:\\\/\\\/tanjamikolcic.com\\\/index.php\\\/de\\\/architektur\\\/\",\"name\":\"Architektur - Tanja Mikolcic Photography\",\"isPartOf\":{\"@id\":\"https:\\\/\\\/tanjamikolcic.com\\\/#website\"},\"primaryImageOfPage\":{\"@id\":\"https:\\\/\\\/tanjamikolcic.com\\\/index.php\\\/de\\\/architektur\\\/#primaryimage\"},\"image\":{\"@id\":\"https:\\\/\\\/tanjamikolcic.com\\\/index.php\\\/de\\\/architektur\\\/#primaryimage\"},\"thumbnailUrl\":\"https:\\\/\\\/tanjamikolcic.com\\\/wp-content\\\/uploads\\\/2023\\\/11\\\/LasLagunas.10.jpg\",\"datePublished\":\"2023-07-09T19:58:05+00:00\",\"dateModified\":\"2024-03-03T21:07:05+00:00\",\"description\":\"Architektur-, Interieur- und Lifestyle-Fotografin mit Sitz in M\u00e1laga, Spanien.Verf\u00fcgbar f\u00fcr weltweite Buchungen. Mehr erfahren\",\"breadcrumb\":{\"@id\":\"https:\\\/\\\/tanjamikolcic.com\\\/index.php\\\/de\\\/architektur\\\/#breadcrumb\"},\"inLanguage\":\"en-GB\",\"potentialAction\":[{\"@type\":\"ReadAction\",\"target\":[\"https:\\\/\\\/tanjamikolcic.com\\\/index.php\\\/de\\\/architektur\\\/\"]}]},{\"@type\":\"ImageObject\",\"inLanguage\":\"en-GB\",\"@id\":\"https:\\\/\\\/tanjamikolcic.com\\\/index.php\\\/de\\\/architektur\\\/#primaryimage\",\"url\":\"https:\\\/\\\/tanjamikolcic.com\\\/wp-content\\\/uploads\\\/2023\\\/11\\\/LasLagunas.10.jpg\",\"contentUrl\":\"https:\\\/\\\/tanjamikolcic.com\\\/wp-content\\\/uploads\\\/2023\\\/11\\\/LasLagunas.10.jpg\",\"width\":1920,\"height\":1278},{\"@type\":\"BreadcrumbList\",\"@id\":\"https:\\\/\\\/tanjamikolcic.com\\\/index.php\\\/de\\\/architektur\\\/#breadcrumb\",\"itemListElement\":[{\"@type\":\"ListItem\",\"position\":1,\"name\":\"Architectural, Portrait and Product Photography\",\"item\":\"https:\\\/\\\/tanjamikolcic.com\\\/index.php\\\/de\\\/tanja-mikolcic-photography\\\/\"},{\"@type\":\"ListItem\",\"position\":2,\"name\":\"Architektur\"}]},{\"@type\":\"WebSite\",\"@id\":\"https:\\\/\\\/tanjamikolcic.com\\\/#website\",\"url\":\"https:\\\/\\\/tanjamikolcic.com\\\/\",\"name\":\"Tanja Mikolcic Photography\",\"description\":\"Architectural, Portrait and Product Photography\",\"publisher\":{\"@id\":\"https:\\\/\\\/tanjamikolcic.com\\\/#organization\"},\"potentialAction\":[{\"@type\":\"SearchAction\",\"target\":{\"@type\":\"EntryPoint\",\"urlTemplate\":\"https:\\\/\\\/tanjamikolcic.com\\\/?s={search_term_string}\"},\"query-input\":{\"@type\":\"PropertyValueSpecification\",\"valueRequired\":true,\"valueName\":\"search_term_string\"}}],\"inLanguage\":\"en-GB\"},{\"@type\":\"Organization\",\"@id\":\"https:\\\/\\\/tanjamikolcic.com\\\/#organization\",\"name\":\"Tanja Mikolcic\",\"url\":\"https:\\\/\\\/tanjamikolcic.com\\\/\",\"logo\":{\"@type\":\"ImageObject\",\"inLanguage\":\"en-GB\",\"@id\":\"https:\\\/\\\/tanjamikolcic.com\\\/#\\\/schema\\\/logo\\\/image\\\/\",\"url\":\"https:\\\/\\\/tanjamikolcic.com\\\/wp-content\\\/uploads\\\/2023\\\/07\\\/cropped-Tanja-Mikolcic-Photography-520x180-1.png\",\"contentUrl\":\"https:\\\/\\\/tanjamikolcic.com\\\/wp-content\\\/uploads\\\/2023\\\/07\\\/cropped-Tanja-Mikolcic-Photography-520x180-1.png\",\"width\":490,\"height\":179,\"caption\":\"Tanja Mikolcic\"},\"image\":{\"@id\":\"https:\\\/\\\/tanjamikolcic.com\\\/#\\\/schema\\\/logo\\\/image\\\/\"},\"sameAs\":[\"https:\\\/\\\/www.facebook.com\\\/tanja.mikolcic\",\"https:\\\/\\\/www.instagram.com\\\/tanja.mikolcic\\\/\"]}]}<\/script>\n<!-- \/ Yoast SEO plugin. -->","yoast_head_json":{"title":"Architektur - Tanja Mikolcic Photography","description":"Architektur-, Interieur- und Lifestyle-Fotografin mit Sitz in M\u00e1laga, Spanien.Verf\u00fcgbar f\u00fcr weltweite Buchungen.       Mehr erfahren","robots":{"index":"index","follow":"follow","max-snippet":"max-snippet:-1","max-image-preview":"max-image-preview:large","max-video-preview":"max-video-preview:-1"},"canonical":"https:\/\/tanjamikolcic.com\/index.php\/de\/architektur\/","og_locale":"en_GB","og_type":"article","og_title":"Architektur - Tanja Mikolcic Photography","og_description":"Architektur-, Interieur- und Lifestyle-Fotografin mit Sitz in M\u00e1laga, Spanien.Verf\u00fcgbar f\u00fcr weltweite Buchungen.       Mehr erfahren","og_url":"https:\/\/tanjamikolcic.com\/index.php\/de\/architektur\/","og_site_name":"Tanja Mikolcic Photography","article_publisher":"https:\/\/www.facebook.com\/tanja.mikolcic","article_modified_time":"2024-03-03T21:07:05+00:00","og_image":[{"url":"https:\/\/tanjamikolcic.com\/wp-content\/uploads\/2023\/11\/LasLagunas.10.jpg","type":"","width":"","height":""}],"twitter_card":"summary_large_image","twitter_misc":{"Estimated reading time":"3 minutes"},"schema":{"@context":"https:\/\/schema.org","@graph":[{"@type":"WebPage","@id":"https:\/\/tanjamikolcic.com\/index.php\/de\/architektur\/","url":"https:\/\/tanjamikolcic.com\/index.php\/de\/architektur\/","name":"Architektur - Tanja Mikolcic Photography","isPartOf":{"@id":"https:\/\/tanjamikolcic.com\/#website"},"primaryImageOfPage":{"@id":"https:\/\/tanjamikolcic.com\/index.php\/de\/architektur\/#primaryimage"},"image":{"@id":"https:\/\/tanjamikolcic.com\/index.php\/de\/architektur\/#primaryimage"},"thumbnailUrl":"https:\/\/tanjamikolcic.com\/wp-content\/uploads\/2023\/11\/LasLagunas.10.jpg","datePublished":"2023-07-09T19:58:05+00:00","dateModified":"2024-03-03T21:07:05+00:00","description":"Architektur-, Interieur- und Lifestyle-Fotografin mit Sitz in M\u00e1laga, Spanien.Verf\u00fcgbar f\u00fcr weltweite Buchungen. Mehr erfahren","breadcrumb":{"@id":"https:\/\/tanjamikolcic.com\/index.php\/de\/architektur\/#breadcrumb"},"inLanguage":"en-GB","potentialAction":[{"@type":"ReadAction","target":["https:\/\/tanjamikolcic.com\/index.php\/de\/architektur\/"]}]},{"@type":"ImageObject","inLanguage":"en-GB","@id":"https:\/\/tanjamikolcic.com\/index.php\/de\/architektur\/#primaryimage","url":"https:\/\/tanjamikolcic.com\/wp-content\/uploads\/2023\/11\/LasLagunas.10.jpg","contentUrl":"https:\/\/tanjamikolcic.com\/wp-content\/uploads\/2023\/11\/LasLagunas.10.jpg","width":1920,"height":1278},{"@type":"BreadcrumbList","@id":"https:\/\/tanjamikolcic.com\/index.php\/de\/architektur\/#breadcrumb","itemListElement":[{"@type":"ListItem","position":1,"name":"Architectural, Portrait and Product Photography","item":"https:\/\/tanjamikolcic.com\/index.php\/de\/tanja-mikolcic-photography\/"},{"@type":"ListItem","position":2,"name":"Architektur"}]},{"@type":"WebSite","@id":"https:\/\/tanjamikolcic.com\/#website","url":"https:\/\/tanjamikolcic.com\/","name":"Tanja Mikolcic Photography","description":"Architectural, Portrait and Product Photography","publisher":{"@id":"https:\/\/tanjamikolcic.com\/#organization"},"potentialAction":[{"@type":"SearchAction","target":{"@type":"EntryPoint","urlTemplate":"https:\/\/tanjamikolcic.com\/?s={search_term_string}"},"query-input":{"@type":"PropertyValueSpecification","valueRequired":true,"valueName":"search_term_string"}}],"inLanguage":"en-GB"},{"@type":"Organization","@id":"https:\/\/tanjamikolcic.com\/#organization","name":"Tanja Mikolcic","url":"https:\/\/tanjamikolcic.com\/","logo":{"@type":"ImageObject","inLanguage":"en-GB","@id":"https:\/\/tanjamikolcic.com\/#\/schema\/logo\/image\/","url":"https:\/\/tanjamikolcic.com\/wp-content\/uploads\/2023\/07\/cropped-Tanja-Mikolcic-Photography-520x180-1.png","contentUrl":"https:\/\/tanjamikolcic.com\/wp-content\/uploads\/2023\/07\/cropped-Tanja-Mikolcic-Photography-520x180-1.png","width":490,"height":179,"caption":"Tanja Mikolcic"},"image":{"@id":"https:\/\/tanjamikolcic.com\/#\/schema\/logo\/image\/"},"sameAs":["https:\/\/www.facebook.com\/tanja.mikolcic","https:\/\/www.instagram.com\/tanja.mikolcic\/"]}]}},"_links":{"self":[{"href":"https:\/\/tanjamikolcic.com\/index.php\/wp-json\/wp\/v2\/pages\/974","targetHints":{"allow":["GET"]}}],"collection":[{"href":"https:\/\/tanjamikolcic.com\/index.php\/wp-json\/wp\/v2\/pages"}],"about":[{"href":"https:\/\/tanjamikolcic.com\/index.php\/wp-json\/wp\/v2\/types\/page"}],"author":[{"embeddable":true,"href":"https:\/\/tanjamikolcic.com\/index.php\/wp-json\/wp\/v2\/users\/1"}],"replies":[{"embeddable":true,"href":"https:\/\/tanjamikolcic.com\/index.php\/wp-json\/wp\/v2\/comments?post=974"}],"version-history":[{"count":0,"href":"https:\/\/tanjamikolcic.com\/index.php\/wp-json\/wp\/v2\/pages\/974\/revisions"}],"wp:attachment":[{"href":"https:\/\/tanjamikolcic.com\/index.php\/wp-json\/wp\/v2\/media?parent=974"}],"curies":[{"name":"wp","href":"https:\/\/api.w.org\/{rel}","templated":true}]}}