{"id":2583,"date":"2023-09-04T17:27:25","date_gmt":"2023-09-04T17:27:25","guid":{"rendered":"https:\/\/tanjamikolcic.com\/?page_id=2583"},"modified":"2023-09-19T12:57:24","modified_gmt":"2023-09-19T12:57:24","slug":"social-media-video-reel-portraet","status":"publish","type":"page","link":"https:\/\/tanjamikolcic.com\/index.php\/de\/social-media-video-reel-portraet\/","title":{"rendered":"Social Media Video\/ Reel Portr\u00e4t"},"content":{"rendered":"\t\t<div data-elementor-type=\"wp-page\" data-elementor-id=\"2583\" class=\"elementor elementor-2583\" data-elementor-post-type=\"page\">\n\t\t\t\t\t\t<section class=\"elementor-section elementor-top-section elementor-element elementor-element-622920e4 elementor-section-boxed elementor-section-height-default elementor-section-height-default\" data-id=\"622920e4\" data-element_type=\"section\" data-e-type=\"section\">\n\t\t\t\t\t\t<div class=\"elementor-container elementor-column-gap-default\">\n\t\t\t\t\t<div class=\"elementor-column elementor-col-100 elementor-top-column elementor-element elementor-element-dfe8819\" data-id=\"dfe8819\" data-element_type=\"column\" data-e-type=\"column\">\n\t\t\t<div class=\"elementor-widget-wrap elementor-element-populated\">\n\t\t\t\t\t\t<div class=\"elementor-element elementor-element-3194b3fc elementor-widget elementor-widget-text-editor\" data-id=\"3194b3fc\" data-element_type=\"widget\" data-e-type=\"widget\" data-widget_type=\"text-editor.default\">\n\t\t\t\t\t\t\t\t\t<p style=\"text-align: center;\"><span data-tt=\"{&quot;paragraphStyle&quot;:{&quot;alignment&quot;:4,&quot;writingDirection&quot;:1}}\">Das Online-Marketing auf Social-Media-Plattformen ist essenziell. Jede soziale Plattform ist visuell und Fotografie ist ein gro\u00dfer Teil des f\u00fcr diese Kommunikationskan\u00e4le produzierten Inhalts. Videos k\u00f6nnen online zus\u00e4tzliche Aufmerksamkeit erregen und auch wenn sie keine gro\u00dfartigen Bildersammlungen ersetzen k\u00f6nnen, sind sie definitiv ein wachsender Teil des visuellen Marketings auf Facebook, Instagram, TikTok, Snapchat, Linkedin, Twitter, Youtube oder Vimeo. <\/span><\/p><p style=\"text-align: center;\"><span data-tt=\"{&quot;paragraphStyle&quot;:{&quot;alignment&quot;:4,&quot;writingDirection&quot;:1}}\">Verbraucher wenden sich vermehrt dem Web und den sozialen Medien zu, um Empfehlungen, Anleitungen oder Hilfsinformationen und Unterhaltung zu erhalten. Reels k\u00f6nnen genutzt werden, um Kunden einzubinden, Produkte zu pr\u00e4sentieren, Markenloyalit\u00e4t aufzubauen und den Verkauf anzukurbeln, w\u00e4hrend man gleichzeitig eine breitere Zielgruppe erreicht. Die Menschen nutzen soziale Medienplattformen mehrmals pro Woche, wenn nicht sogar t\u00e4glich, daher ist es kein Wunder, dass Vermarkter darauf abzielen, ihre Marketingbem\u00fchungen auf diesen Plattformen zu steigern.<\/span><\/p>\t\t\t\t\t\t\t\t<\/div>\n\t\t\t\t\t<\/div>\n\t\t<\/div>\n\t\t\t\t\t<\/div>\n\t\t<\/section>\n\t\t\t\t<section class=\"elementor-section elementor-top-section elementor-element elementor-element-30f1ecd5 elementor-section-boxed elementor-section-height-default elementor-section-height-default\" data-id=\"30f1ecd5\" data-element_type=\"section\" data-e-type=\"section\">\n\t\t\t\t\t\t<div class=\"elementor-container elementor-column-gap-default\">\n\t\t\t\t\t<div class=\"elementor-column elementor-col-100 elementor-top-column elementor-element elementor-element-960fb56\" data-id=\"960fb56\" data-element_type=\"column\" data-e-type=\"column\">\n\t\t\t<div class=\"elementor-widget-wrap elementor-element-populated\">\n\t\t\t\t\t\t<div class=\"elementor-element elementor-element-150b9bf0 elementor-widget elementor-widget-text-editor\" data-id=\"150b9bf0\" data-element_type=\"widget\" data-e-type=\"widget\" data-widget_type=\"text-editor.default\">\n\t\t\t\t\t\t\t\t\t<h3>Beispiele finden Sie auf meinem Instagram-Account.<\/h3>\t\t\t\t\t\t\t\t<\/div>\n\t\t\t\t\t<\/div>\n\t\t<\/div>\n\t\t\t\t\t<\/div>\n\t\t<\/section>\n\t\t\t\t<section class=\"elementor-section elementor-top-section elementor-element elementor-element-220c95a1 elementor-section-boxed elementor-section-height-default elementor-section-height-default\" data-id=\"220c95a1\" data-element_type=\"section\" data-e-type=\"section\">\n\t\t\t\t\t\t<div class=\"elementor-container elementor-column-gap-default\">\n\t\t\t\t\t<div class=\"elementor-column elementor-col-100 elementor-top-column elementor-element elementor-element-1a621a0a\" data-id=\"1a621a0a\" data-element_type=\"column\" data-e-type=\"column\">\n\t\t\t<div class=\"elementor-widget-wrap elementor-element-populated\">\n\t\t\t\t\t\t<div class=\"elementor-element elementor-element-2cb5cfdd elementor-align-center elementor-widget elementor-widget-button\" data-id=\"2cb5cfdd\" data-element_type=\"widget\" data-e-type=\"widget\" data-widget_type=\"button.default\">\n\t\t\t\t\t\t\t\t\t\t<a class=\"elementor-button elementor-button-link elementor-size-sm\" href=\"https:\/\/www.instagram.com\/tanja.mikolcic\/reels\/\" target=\"_blank\">\n\t\t\t\t\t\t<span class=\"elementor-button-content-wrapper\">\n\t\t\t\t\t\t\t\t\t<span class=\"elementor-button-text\">Tanja Mikolcic Instagram Reels<\/span>\n\t\t\t\t\t<\/span>\n\t\t\t\t\t<\/a>\n\t\t\t\t\t\t\t\t<\/div>\n\t\t\t\t<div class=\"elementor-element elementor-element-59785483 elementor-widget elementor-widget-spacer\" data-id=\"59785483\" data-element_type=\"widget\" data-e-type=\"widget\" data-widget_type=\"spacer.default\">\n\t\t\t\t\t\t\t<div class=\"elementor-spacer\">\n\t\t\t<div class=\"elementor-spacer-inner\"><\/div>\n\t\t<\/div>\n\t\t\t\t\t\t<\/div>\n\t\t\t\t\t<\/div>\n\t\t<\/div>\n\t\t\t\t\t<\/div>\n\t\t<\/section>\n\t\t\t\t<section class=\"elementor-section elementor-top-section elementor-element elementor-element-669160c2 elementor-hidden-mobile elementor-section-boxed elementor-section-height-default elementor-section-height-default\" data-id=\"669160c2\" data-element_type=\"section\" data-e-type=\"section\">\n\t\t\t\t\t\t<div class=\"elementor-container elementor-column-gap-default\">\n\t\t\t\t\t<div class=\"elementor-column elementor-col-100 elementor-top-column elementor-element elementor-element-570155d0\" data-id=\"570155d0\" data-element_type=\"column\" data-e-type=\"column\">\n\t\t\t<div class=\"elementor-widget-wrap elementor-element-populated\">\n\t\t\t\t\t\t<div class=\"elementor-element elementor-element-42377390 elementor-widget elementor-widget-spacer\" data-id=\"42377390\" data-element_type=\"widget\" data-e-type=\"widget\" data-widget_type=\"spacer.default\">\n\t\t\t\t\t\t\t<div class=\"elementor-spacer\">\n\t\t\t<div class=\"elementor-spacer-inner\"><\/div>\n\t\t<\/div>\n\t\t\t\t\t\t<\/div>\n\t\t\t\t\t<\/div>\n\t\t<\/div>\n\t\t\t\t\t<\/div>\n\t\t<\/section>\n\t\t\t\t<\/div>\n\t\t","protected":false},"excerpt":{"rendered":"<p>Das Online-Marketing auf Social-Media-Plattformen ist essenziell. Jede soziale Plattform ist visuell und Fotografie ist ein gro\u00dfer Teil des f\u00fcr diese Kommunikationskan\u00e4le produzierten Inhalts. Videos k\u00f6nnen online zus\u00e4tzliche Aufmerksamkeit erregen und auch wenn sie keine gro\u00dfartigen Bildersammlungen ersetzen k\u00f6nnen, sind sie definitiv ein wachsender Teil des visuellen Marketings auf Facebook, Instagram, TikTok, Snapchat, Linkedin, Twitter, Youtube [&hellip;]<\/p>\n","protected":false},"author":1,"featured_media":0,"parent":0,"menu_order":0,"comment_status":"closed","ping_status":"closed","template":"","meta":{"ocean_post_layout":"full-screen","ocean_both_sidebars_style":"","ocean_both_sidebars_content_width":0,"ocean_both_sidebars_sidebars_width":0,"ocean_sidebar":"0","ocean_second_sidebar":"0","ocean_disable_margins":"enable","ocean_add_body_class":"","ocean_shortcode_before_top_bar":"","ocean_shortcode_after_top_bar":"","ocean_shortcode_before_header":"","ocean_shortcode_after_header":"","ocean_has_shortcode":"","ocean_shortcode_after_title":"","ocean_shortcode_before_footer_widgets":"","ocean_shortcode_after_footer_widgets":"","ocean_shortcode_before_footer_bottom":"","ocean_shortcode_after_footer_bottom":"","ocean_display_top_bar":"default","ocean_display_header":"default","ocean_header_style":"","ocean_center_header_left_menu":"0","ocean_custom_header_template":"0","ocean_custom_logo":0,"ocean_custom_retina_logo":0,"ocean_custom_logo_max_width":0,"ocean_custom_logo_tablet_max_width":0,"ocean_custom_logo_mobile_max_width":0,"ocean_custom_logo_max_height":0,"ocean_custom_logo_tablet_max_height":0,"ocean_custom_logo_mobile_max_height":0,"ocean_header_custom_menu":"91","ocean_menu_typo_font_family":"0","ocean_menu_typo_font_subset":"","ocean_menu_typo_font_size":0,"ocean_menu_typo_font_size_tablet":0,"ocean_menu_typo_font_size_mobile":0,"ocean_menu_typo_font_size_unit":"px","ocean_menu_typo_font_weight":"","ocean_menu_typo_font_weight_tablet":"","ocean_menu_typo_font_weight_mobile":"","ocean_menu_typo_transform":"","ocean_menu_typo_transform_tablet":"","ocean_menu_typo_transform_mobile":"","ocean_menu_typo_line_height":0,"ocean_menu_typo_line_height_tablet":0,"ocean_menu_typo_line_height_mobile":0,"ocean_menu_typo_line_height_unit":"","ocean_menu_typo_spacing":0,"ocean_menu_typo_spacing_tablet":0,"ocean_menu_typo_spacing_mobile":0,"ocean_menu_typo_spacing_unit":"","ocean_menu_link_color":"","ocean_menu_link_color_hover":"","ocean_menu_link_color_active":"","ocean_menu_link_background":"","ocean_menu_link_hover_background":"","ocean_menu_link_active_background":"","ocean_menu_social_links_bg":"","ocean_menu_social_hover_links_bg":"","ocean_menu_social_links_color":"","ocean_menu_social_hover_links_color":"","ocean_disable_title":"default","ocean_disable_heading":"default","ocean_post_title":"Social Media Video\/ Reel","ocean_post_subheading":"","ocean_post_title_style":"","ocean_post_title_background_color":"","ocean_post_title_background":0,"ocean_post_title_bg_image_position":"","ocean_post_title_bg_image_attachment":"","ocean_post_title_bg_image_repeat":"","ocean_post_title_bg_image_size":"","ocean_post_title_height":0,"ocean_post_title_bg_overlay":0.5,"ocean_post_title_bg_overlay_color":"","ocean_disable_breadcrumbs":"off","ocean_breadcrumbs_color":"","ocean_breadcrumbs_separator_color":"","ocean_breadcrumbs_links_color":"","ocean_breadcrumbs_links_hover_color":"","ocean_display_footer_widgets":"default","ocean_display_footer_bottom":"default","ocean_custom_footer_template":"2685","omw_enable_modal_window":"enable","osh_disable_topbar_sticky":"default","osh_disable_header_sticky":"default","osh_sticky_header_style":"default","osh_sticky_header_effect":"","osh_custom_sticky_logo":0,"osh_custom_retina_sticky_logo":0,"osh_custom_sticky_logo_height":0,"osh_background_color":"","osh_links_color":"","osh_links_hover_color":"","osh_links_active_color":"","osh_links_bg_color":"","osh_links_hover_bg_color":"","osh_links_active_bg_color":"","osh_menu_social_links_color":"","osh_menu_social_hover_links_color":"","footnotes":""},"class_list":["post-2583","page","type-page","status-publish","hentry","entry"],"yoast_head":"<!-- This site is optimized with the Yoast SEO plugin v27.3 - https:\/\/yoast.com\/product\/yoast-seo-wordpress\/ -->\n<title>Social Media Video\/ Reel Portr\u00e4t - Tanja Mikolcic Photography<\/title>\n<meta name=\"description\" content=\"Das Online-Marketing auf Social-Media-Plattformen ist essenziell. Jede soziale Plattform ist visuell und Fotografie ist ein gro\u00dfer Teil des f\u00fcr diese Kommunikationskan\u00e4le produzierten Inhalts. Videos k\u00f6nnen online zus\u00e4tzliche Aufmerksamkeit erregen und auch wenn sie keine gro\u00dfartigen Bildersammlungen ersetzen k\u00f6nnen, sind sie definitiv ein wachsender Teil des visuellen Marketings auf Facebook, Instagram, TikTok, Snapchat, Linkedin, Twitter, Youtube oder Vimeo. Verbraucher wenden sich vermehrt dem Web und den sozialen Medien zu, um Empfehlungen, Anleitungen oder Hilfsinformationen und Unterhaltung zu erhalten. Reels k\u00f6nnen genutzt werden, um Kunden einzubinden, Produkte zu pr\u00e4sentieren, Markenloyalit\u00e4t aufzubauen und den Verkauf anzukurbeln, w\u00e4hrend man gleichzeitig eine breitere Zielgruppe erreicht. Die Menschen nutzen soziale Medienplattformen mehrmals pro Woche, wenn nicht sogar t\u00e4glich, daher ist es kein Wunder, dass Vermarkter darauf abzielen, ihre Marketingbem\u00fchungen auf diesen Plattformen zu steigern.Beispiele finden Sie auf meinem Instagram-Account.       Tanja Mikolcic Instagram Reels\" \/>\n<meta name=\"robots\" content=\"index, follow, max-snippet:-1, max-image-preview:large, max-video-preview:-1\" \/>\n<link rel=\"canonical\" href=\"https:\/\/tanjamikolcic.com\/index.php\/de\/social-media-video-reel-portraet\/\" \/>\n<meta property=\"og:locale\" content=\"en_GB\" \/>\n<meta property=\"og:type\" content=\"article\" \/>\n<meta property=\"og:title\" content=\"Social Media Video\/ Reel Portr\u00e4t - Tanja Mikolcic Photography\" \/>\n<meta property=\"og:description\" content=\"Das Online-Marketing auf Social-Media-Plattformen ist essenziell. Jede soziale Plattform ist visuell und Fotografie ist ein gro\u00dfer Teil des f\u00fcr diese Kommunikationskan\u00e4le produzierten Inhalts. Videos k\u00f6nnen online zus\u00e4tzliche Aufmerksamkeit erregen und auch wenn sie keine gro\u00dfartigen Bildersammlungen ersetzen k\u00f6nnen, sind sie definitiv ein wachsender Teil des visuellen Marketings auf Facebook, Instagram, TikTok, Snapchat, Linkedin, Twitter, Youtube oder Vimeo. Verbraucher wenden sich vermehrt dem Web und den sozialen Medien zu, um Empfehlungen, Anleitungen oder Hilfsinformationen und Unterhaltung zu erhalten. Reels k\u00f6nnen genutzt werden, um Kunden einzubinden, Produkte zu pr\u00e4sentieren, Markenloyalit\u00e4t aufzubauen und den Verkauf anzukurbeln, w\u00e4hrend man gleichzeitig eine breitere Zielgruppe erreicht. Die Menschen nutzen soziale Medienplattformen mehrmals pro Woche, wenn nicht sogar t\u00e4glich, daher ist es kein Wunder, dass Vermarkter darauf abzielen, ihre Marketingbem\u00fchungen auf diesen Plattformen zu steigern.Beispiele finden Sie auf meinem Instagram-Account.       Tanja Mikolcic Instagram Reels\" \/>\n<meta property=\"og:url\" content=\"https:\/\/tanjamikolcic.com\/index.php\/de\/social-media-video-reel-portraet\/\" \/>\n<meta property=\"og:site_name\" content=\"Tanja Mikolcic Photography\" \/>\n<meta property=\"article:publisher\" content=\"https:\/\/www.facebook.com\/tanja.mikolcic\" \/>\n<meta property=\"article:modified_time\" content=\"2023-09-19T12:57:24+00:00\" \/>\n<meta name=\"twitter:card\" content=\"summary_large_image\" \/>\n<meta name=\"twitter:label1\" content=\"Estimated reading time\" \/>\n\t<meta name=\"twitter:data1\" content=\"1 minute\" \/>\n<script type=\"application\/ld+json\" class=\"yoast-schema-graph\">{\"@context\":\"https:\\\/\\\/schema.org\",\"@graph\":[{\"@type\":\"WebPage\",\"@id\":\"https:\\\/\\\/tanjamikolcic.com\\\/index.php\\\/de\\\/social-media-video-reel-portraet\\\/\",\"url\":\"https:\\\/\\\/tanjamikolcic.com\\\/index.php\\\/de\\\/social-media-video-reel-portraet\\\/\",\"name\":\"Social Media Video\\\/ Reel Portr\u00e4t - Tanja Mikolcic Photography\",\"isPartOf\":{\"@id\":\"https:\\\/\\\/tanjamikolcic.com\\\/#website\"},\"datePublished\":\"2023-09-04T17:27:25+00:00\",\"dateModified\":\"2023-09-19T12:57:24+00:00\",\"description\":\"Das Online-Marketing auf Social-Media-Plattformen ist essenziell. Jede soziale Plattform ist visuell und Fotografie ist ein gro\u00dfer Teil des f\u00fcr diese Kommunikationskan\u00e4le produzierten Inhalts. Videos k\u00f6nnen online zus\u00e4tzliche Aufmerksamkeit erregen und auch wenn sie keine gro\u00dfartigen Bildersammlungen ersetzen k\u00f6nnen, sind sie definitiv ein wachsender Teil des visuellen Marketings auf Facebook, Instagram, TikTok, Snapchat, Linkedin, Twitter, Youtube oder Vimeo. Verbraucher wenden sich vermehrt dem Web und den sozialen Medien zu, um Empfehlungen, Anleitungen oder Hilfsinformationen und Unterhaltung zu erhalten. Reels k\u00f6nnen genutzt werden, um Kunden einzubinden, Produkte zu pr\u00e4sentieren, Markenloyalit\u00e4t aufzubauen und den Verkauf anzukurbeln, w\u00e4hrend man gleichzeitig eine breitere Zielgruppe erreicht. Die Menschen nutzen soziale Medienplattformen mehrmals pro Woche, wenn nicht sogar t\u00e4glich, daher ist es kein Wunder, dass Vermarkter darauf abzielen, ihre Marketingbem\u00fchungen auf diesen Plattformen zu steigern.Beispiele finden Sie auf meinem Instagram-Account. Tanja Mikolcic Instagram Reels\",\"breadcrumb\":{\"@id\":\"https:\\\/\\\/tanjamikolcic.com\\\/index.php\\\/de\\\/social-media-video-reel-portraet\\\/#breadcrumb\"},\"inLanguage\":\"en-GB\",\"potentialAction\":[{\"@type\":\"ReadAction\",\"target\":[\"https:\\\/\\\/tanjamikolcic.com\\\/index.php\\\/de\\\/social-media-video-reel-portraet\\\/\"]}]},{\"@type\":\"BreadcrumbList\",\"@id\":\"https:\\\/\\\/tanjamikolcic.com\\\/index.php\\\/de\\\/social-media-video-reel-portraet\\\/#breadcrumb\",\"itemListElement\":[{\"@type\":\"ListItem\",\"position\":1,\"name\":\"Architectural, Portrait and Product Photography\",\"item\":\"https:\\\/\\\/tanjamikolcic.com\\\/index.php\\\/de\\\/tanja-mikolcic-photography\\\/\"},{\"@type\":\"ListItem\",\"position\":2,\"name\":\"Social Media Video\\\/ Reel Portr\u00e4t\"}]},{\"@type\":\"WebSite\",\"@id\":\"https:\\\/\\\/tanjamikolcic.com\\\/#website\",\"url\":\"https:\\\/\\\/tanjamikolcic.com\\\/\",\"name\":\"Tanja Mikolcic Photography\",\"description\":\"Architectural, Portrait and Product Photography\",\"publisher\":{\"@id\":\"https:\\\/\\\/tanjamikolcic.com\\\/#organization\"},\"potentialAction\":[{\"@type\":\"SearchAction\",\"target\":{\"@type\":\"EntryPoint\",\"urlTemplate\":\"https:\\\/\\\/tanjamikolcic.com\\\/?s={search_term_string}\"},\"query-input\":{\"@type\":\"PropertyValueSpecification\",\"valueRequired\":true,\"valueName\":\"search_term_string\"}}],\"inLanguage\":\"en-GB\"},{\"@type\":\"Organization\",\"@id\":\"https:\\\/\\\/tanjamikolcic.com\\\/#organization\",\"name\":\"Tanja Mikolcic\",\"url\":\"https:\\\/\\\/tanjamikolcic.com\\\/\",\"logo\":{\"@type\":\"ImageObject\",\"inLanguage\":\"en-GB\",\"@id\":\"https:\\\/\\\/tanjamikolcic.com\\\/#\\\/schema\\\/logo\\\/image\\\/\",\"url\":\"https:\\\/\\\/tanjamikolcic.com\\\/wp-content\\\/uploads\\\/2023\\\/07\\\/cropped-Tanja-Mikolcic-Photography-520x180-1.png\",\"contentUrl\":\"https:\\\/\\\/tanjamikolcic.com\\\/wp-content\\\/uploads\\\/2023\\\/07\\\/cropped-Tanja-Mikolcic-Photography-520x180-1.png\",\"width\":490,\"height\":179,\"caption\":\"Tanja Mikolcic\"},\"image\":{\"@id\":\"https:\\\/\\\/tanjamikolcic.com\\\/#\\\/schema\\\/logo\\\/image\\\/\"},\"sameAs\":[\"https:\\\/\\\/www.facebook.com\\\/tanja.mikolcic\",\"https:\\\/\\\/www.instagram.com\\\/tanja.mikolcic\\\/\"]}]}<\/script>\n<!-- \/ Yoast SEO plugin. -->","yoast_head_json":{"title":"Social Media Video\/ Reel Portr\u00e4t - Tanja Mikolcic Photography","description":"Das Online-Marketing auf Social-Media-Plattformen ist essenziell. Jede soziale Plattform ist visuell und Fotografie ist ein gro\u00dfer Teil des f\u00fcr diese Kommunikationskan\u00e4le produzierten Inhalts. Videos k\u00f6nnen online zus\u00e4tzliche Aufmerksamkeit erregen und auch wenn sie keine gro\u00dfartigen Bildersammlungen ersetzen k\u00f6nnen, sind sie definitiv ein wachsender Teil des visuellen Marketings auf Facebook, Instagram, TikTok, Snapchat, Linkedin, Twitter, Youtube oder Vimeo. Verbraucher wenden sich vermehrt dem Web und den sozialen Medien zu, um Empfehlungen, Anleitungen oder Hilfsinformationen und Unterhaltung zu erhalten. Reels k\u00f6nnen genutzt werden, um Kunden einzubinden, Produkte zu pr\u00e4sentieren, Markenloyalit\u00e4t aufzubauen und den Verkauf anzukurbeln, w\u00e4hrend man gleichzeitig eine breitere Zielgruppe erreicht. Die Menschen nutzen soziale Medienplattformen mehrmals pro Woche, wenn nicht sogar t\u00e4glich, daher ist es kein Wunder, dass Vermarkter darauf abzielen, ihre Marketingbem\u00fchungen auf diesen Plattformen zu steigern.Beispiele finden Sie auf meinem Instagram-Account.       Tanja Mikolcic Instagram Reels","robots":{"index":"index","follow":"follow","max-snippet":"max-snippet:-1","max-image-preview":"max-image-preview:large","max-video-preview":"max-video-preview:-1"},"canonical":"https:\/\/tanjamikolcic.com\/index.php\/de\/social-media-video-reel-portraet\/","og_locale":"en_GB","og_type":"article","og_title":"Social Media Video\/ Reel Portr\u00e4t - Tanja Mikolcic Photography","og_description":"Das Online-Marketing auf Social-Media-Plattformen ist essenziell. Jede soziale Plattform ist visuell und Fotografie ist ein gro\u00dfer Teil des f\u00fcr diese Kommunikationskan\u00e4le produzierten Inhalts. Videos k\u00f6nnen online zus\u00e4tzliche Aufmerksamkeit erregen und auch wenn sie keine gro\u00dfartigen Bildersammlungen ersetzen k\u00f6nnen, sind sie definitiv ein wachsender Teil des visuellen Marketings auf Facebook, Instagram, TikTok, Snapchat, Linkedin, Twitter, Youtube oder Vimeo. Verbraucher wenden sich vermehrt dem Web und den sozialen Medien zu, um Empfehlungen, Anleitungen oder Hilfsinformationen und Unterhaltung zu erhalten. Reels k\u00f6nnen genutzt werden, um Kunden einzubinden, Produkte zu pr\u00e4sentieren, Markenloyalit\u00e4t aufzubauen und den Verkauf anzukurbeln, w\u00e4hrend man gleichzeitig eine breitere Zielgruppe erreicht. Die Menschen nutzen soziale Medienplattformen mehrmals pro Woche, wenn nicht sogar t\u00e4glich, daher ist es kein Wunder, dass Vermarkter darauf abzielen, ihre Marketingbem\u00fchungen auf diesen Plattformen zu steigern.Beispiele finden Sie auf meinem Instagram-Account.       Tanja Mikolcic Instagram Reels","og_url":"https:\/\/tanjamikolcic.com\/index.php\/de\/social-media-video-reel-portraet\/","og_site_name":"Tanja Mikolcic Photography","article_publisher":"https:\/\/www.facebook.com\/tanja.mikolcic","article_modified_time":"2023-09-19T12:57:24+00:00","twitter_card":"summary_large_image","twitter_misc":{"Estimated reading time":"1 minute"},"schema":{"@context":"https:\/\/schema.org","@graph":[{"@type":"WebPage","@id":"https:\/\/tanjamikolcic.com\/index.php\/de\/social-media-video-reel-portraet\/","url":"https:\/\/tanjamikolcic.com\/index.php\/de\/social-media-video-reel-portraet\/","name":"Social Media Video\/ Reel Portr\u00e4t - Tanja Mikolcic Photography","isPartOf":{"@id":"https:\/\/tanjamikolcic.com\/#website"},"datePublished":"2023-09-04T17:27:25+00:00","dateModified":"2023-09-19T12:57:24+00:00","description":"Das Online-Marketing auf Social-Media-Plattformen ist essenziell. Jede soziale Plattform ist visuell und Fotografie ist ein gro\u00dfer Teil des f\u00fcr diese Kommunikationskan\u00e4le produzierten Inhalts. Videos k\u00f6nnen online zus\u00e4tzliche Aufmerksamkeit erregen und auch wenn sie keine gro\u00dfartigen Bildersammlungen ersetzen k\u00f6nnen, sind sie definitiv ein wachsender Teil des visuellen Marketings auf Facebook, Instagram, TikTok, Snapchat, Linkedin, Twitter, Youtube oder Vimeo. Verbraucher wenden sich vermehrt dem Web und den sozialen Medien zu, um Empfehlungen, Anleitungen oder Hilfsinformationen und Unterhaltung zu erhalten. Reels k\u00f6nnen genutzt werden, um Kunden einzubinden, Produkte zu pr\u00e4sentieren, Markenloyalit\u00e4t aufzubauen und den Verkauf anzukurbeln, w\u00e4hrend man gleichzeitig eine breitere Zielgruppe erreicht. Die Menschen nutzen soziale Medienplattformen mehrmals pro Woche, wenn nicht sogar t\u00e4glich, daher ist es kein Wunder, dass Vermarkter darauf abzielen, ihre Marketingbem\u00fchungen auf diesen Plattformen zu steigern.Beispiele finden Sie auf meinem Instagram-Account. Tanja Mikolcic Instagram Reels","breadcrumb":{"@id":"https:\/\/tanjamikolcic.com\/index.php\/de\/social-media-video-reel-portraet\/#breadcrumb"},"inLanguage":"en-GB","potentialAction":[{"@type":"ReadAction","target":["https:\/\/tanjamikolcic.com\/index.php\/de\/social-media-video-reel-portraet\/"]}]},{"@type":"BreadcrumbList","@id":"https:\/\/tanjamikolcic.com\/index.php\/de\/social-media-video-reel-portraet\/#breadcrumb","itemListElement":[{"@type":"ListItem","position":1,"name":"Architectural, Portrait and Product Photography","item":"https:\/\/tanjamikolcic.com\/index.php\/de\/tanja-mikolcic-photography\/"},{"@type":"ListItem","position":2,"name":"Social Media Video\/ Reel Portr\u00e4t"}]},{"@type":"WebSite","@id":"https:\/\/tanjamikolcic.com\/#website","url":"https:\/\/tanjamikolcic.com\/","name":"Tanja Mikolcic Photography","description":"Architectural, Portrait and Product Photography","publisher":{"@id":"https:\/\/tanjamikolcic.com\/#organization"},"potentialAction":[{"@type":"SearchAction","target":{"@type":"EntryPoint","urlTemplate":"https:\/\/tanjamikolcic.com\/?s={search_term_string}"},"query-input":{"@type":"PropertyValueSpecification","valueRequired":true,"valueName":"search_term_string"}}],"inLanguage":"en-GB"},{"@type":"Organization","@id":"https:\/\/tanjamikolcic.com\/#organization","name":"Tanja Mikolcic","url":"https:\/\/tanjamikolcic.com\/","logo":{"@type":"ImageObject","inLanguage":"en-GB","@id":"https:\/\/tanjamikolcic.com\/#\/schema\/logo\/image\/","url":"https:\/\/tanjamikolcic.com\/wp-content\/uploads\/2023\/07\/cropped-Tanja-Mikolcic-Photography-520x180-1.png","contentUrl":"https:\/\/tanjamikolcic.com\/wp-content\/uploads\/2023\/07\/cropped-Tanja-Mikolcic-Photography-520x180-1.png","width":490,"height":179,"caption":"Tanja Mikolcic"},"image":{"@id":"https:\/\/tanjamikolcic.com\/#\/schema\/logo\/image\/"},"sameAs":["https:\/\/www.facebook.com\/tanja.mikolcic","https:\/\/www.instagram.com\/tanja.mikolcic\/"]}]}},"_links":{"self":[{"href":"https:\/\/tanjamikolcic.com\/index.php\/wp-json\/wp\/v2\/pages\/2583","targetHints":{"allow":["GET"]}}],"collection":[{"href":"https:\/\/tanjamikolcic.com\/index.php\/wp-json\/wp\/v2\/pages"}],"about":[{"href":"https:\/\/tanjamikolcic.com\/index.php\/wp-json\/wp\/v2\/types\/page"}],"author":[{"embeddable":true,"href":"https:\/\/tanjamikolcic.com\/index.php\/wp-json\/wp\/v2\/users\/1"}],"replies":[{"embeddable":true,"href":"https:\/\/tanjamikolcic.com\/index.php\/wp-json\/wp\/v2\/comments?post=2583"}],"version-history":[{"count":0,"href":"https:\/\/tanjamikolcic.com\/index.php\/wp-json\/wp\/v2\/pages\/2583\/revisions"}],"wp:attachment":[{"href":"https:\/\/tanjamikolcic.com\/index.php\/wp-json\/wp\/v2\/media?parent=2583"}],"curies":[{"name":"wp","href":"https:\/\/api.w.org\/{rel}","templated":true}]}}