{"id":2535,"date":"2023-09-04T17:12:15","date_gmt":"2023-09-04T17:12:15","guid":{"rendered":"https:\/\/tanjamikolcic.com\/?page_id=2535"},"modified":"2023-12-28T11:38:54","modified_gmt":"2023-12-28T11:38:54","slug":"fotografia-nocturna","status":"publish","type":"page","link":"https:\/\/tanjamikolcic.com\/index.php\/es\/fotografia-nocturna\/","title":{"rendered":"Fotograf\u00eda Nocturna"},"content":{"rendered":"\t\t<div data-elementor-type=\"wp-page\" data-elementor-id=\"2535\" class=\"elementor elementor-2535\" data-elementor-post-type=\"page\">\n\t\t\t\t\t\t<section class=\"elementor-section elementor-top-section elementor-element elementor-element-e26f8ad elementor-section-boxed elementor-section-height-default elementor-section-height-default\" data-id=\"e26f8ad\" data-element_type=\"section\" data-e-type=\"section\">\n\t\t\t\t\t\t<div class=\"elementor-container elementor-column-gap-default\">\n\t\t\t\t\t<div class=\"elementor-column elementor-col-100 elementor-top-column elementor-element elementor-element-e467638\" data-id=\"e467638\" data-element_type=\"column\" data-e-type=\"column\">\n\t\t\t<div class=\"elementor-widget-wrap elementor-element-populated\">\n\t\t\t\t\t\t<div class=\"elementor-element elementor-element-fbe86b7 elementor-widget elementor-widget-image-carousel\" data-id=\"fbe86b7\" data-element_type=\"widget\" data-e-type=\"widget\" data-settings=\"{&quot;slides_to_show&quot;:&quot;1&quot;,&quot;navigation&quot;:&quot;none&quot;,&quot;autoplay&quot;:&quot;yes&quot;,&quot;pause_on_hover&quot;:&quot;yes&quot;,&quot;pause_on_interaction&quot;:&quot;yes&quot;,&quot;autoplay_speed&quot;:5000,&quot;infinite&quot;:&quot;yes&quot;,&quot;effect&quot;:&quot;slide&quot;,&quot;speed&quot;:500}\" data-widget_type=\"image-carousel.default\">\n\t\t\t\t\t\t\t<div class=\"elementor-image-carousel-wrapper swiper\" role=\"region\" aria-roledescription=\"carousel\" aria-label=\"Carrusel de im\u00e1genes\" dir=\"ltr\">\n\t\t\t<div class=\"elementor-image-carousel swiper-wrapper\" aria-live=\"off\">\n\t\t\t\t\t\t\t\t<div class=\"swiper-slide\" role=\"group\" aria-roledescription=\"slide\" aria-label=\"1 de 10\"><figure class=\"swiper-slide-inner\"><img decoding=\"async\" class=\"swiper-slide-image\" src=\"https:\/\/tanjamikolcic.com\/wp-content\/uploads\/2023\/12\/01-night.jpg\" alt=\"01-night\" \/><\/figure><\/div><div class=\"swiper-slide\" role=\"group\" aria-roledescription=\"slide\" aria-label=\"2 de 10\"><figure class=\"swiper-slide-inner\"><img decoding=\"async\" class=\"swiper-slide-image\" src=\"https:\/\/tanjamikolcic.com\/wp-content\/uploads\/2023\/12\/02-night.jpg\" alt=\"02-night\" \/><\/figure><\/div><div class=\"swiper-slide\" role=\"group\" aria-roledescription=\"slide\" aria-label=\"3 de 10\"><figure class=\"swiper-slide-inner\"><img decoding=\"async\" class=\"swiper-slide-image\" src=\"https:\/\/tanjamikolcic.com\/wp-content\/uploads\/2023\/12\/03-night.jpg\" alt=\"03-night\" \/><\/figure><\/div><div class=\"swiper-slide\" role=\"group\" aria-roledescription=\"slide\" aria-label=\"4 de 10\"><figure class=\"swiper-slide-inner\"><img decoding=\"async\" class=\"swiper-slide-image\" src=\"https:\/\/tanjamikolcic.com\/wp-content\/uploads\/2023\/12\/04-night.jpg\" alt=\"04-night\" \/><\/figure><\/div><div class=\"swiper-slide\" role=\"group\" aria-roledescription=\"slide\" aria-label=\"5 de 10\"><figure class=\"swiper-slide-inner\"><img decoding=\"async\" class=\"swiper-slide-image\" src=\"https:\/\/tanjamikolcic.com\/wp-content\/uploads\/2023\/12\/05-night.jpg\" alt=\"05-night\" \/><\/figure><\/div><div class=\"swiper-slide\" role=\"group\" aria-roledescription=\"slide\" aria-label=\"6 de 10\"><figure class=\"swiper-slide-inner\"><img decoding=\"async\" class=\"swiper-slide-image\" src=\"https:\/\/tanjamikolcic.com\/wp-content\/uploads\/2023\/12\/06-night.jpg\" alt=\"06-night\" \/><\/figure><\/div><div class=\"swiper-slide\" role=\"group\" aria-roledescription=\"slide\" aria-label=\"7 de 10\"><figure class=\"swiper-slide-inner\"><img decoding=\"async\" class=\"swiper-slide-image\" src=\"https:\/\/tanjamikolcic.com\/wp-content\/uploads\/2023\/12\/07-night.jpg\" alt=\"07-night\" \/><\/figure><\/div><div class=\"swiper-slide\" role=\"group\" aria-roledescription=\"slide\" aria-label=\"8 de 10\"><figure class=\"swiper-slide-inner\"><img decoding=\"async\" class=\"swiper-slide-image\" src=\"https:\/\/tanjamikolcic.com\/wp-content\/uploads\/2023\/12\/08-night.jpg\" alt=\"08-night\" \/><\/figure><\/div><div class=\"swiper-slide\" role=\"group\" aria-roledescription=\"slide\" aria-label=\"9 de 10\"><figure class=\"swiper-slide-inner\"><img decoding=\"async\" class=\"swiper-slide-image\" src=\"https:\/\/tanjamikolcic.com\/wp-content\/uploads\/2023\/12\/09-night.jpg\" alt=\"09-night\" \/><\/figure><\/div><div class=\"swiper-slide\" role=\"group\" aria-roledescription=\"slide\" aria-label=\"10 de 10\"><figure class=\"swiper-slide-inner\"><img decoding=\"async\" class=\"swiper-slide-image\" src=\"https:\/\/tanjamikolcic.com\/wp-content\/uploads\/2023\/12\/10-night.jpg\" alt=\"10-night\" \/><\/figure><\/div>\t\t\t<\/div>\n\t\t\t\t\t\t\t\n\t\t\t\t\t\t\t\t\t<\/div>\n\t\t\t\t\t\t<\/div>\n\t\t\t\t\t<\/div>\n\t\t<\/div>\n\t\t\t\t\t<\/div>\n\t\t<\/section>\n\t\t\t\t<section class=\"elementor-section elementor-top-section elementor-element elementor-element-2c1d82bb elementor-section-full_width elementor-section-height-default elementor-section-height-default\" data-id=\"2c1d82bb\" data-element_type=\"section\" data-e-type=\"section\">\n\t\t\t\t\t\t<div class=\"elementor-container elementor-column-gap-default\">\n\t\t\t\t\t<div class=\"elementor-column elementor-col-100 elementor-top-column elementor-element elementor-element-c24a7cf\" data-id=\"c24a7cf\" data-element_type=\"column\" data-e-type=\"column\">\n\t\t\t<div class=\"elementor-widget-wrap elementor-element-populated\">\n\t\t\t\t\t\t<div class=\"elementor-element elementor-element-744148ee elementor-widget elementor-widget-text-editor\" data-id=\"744148ee\" data-element_type=\"widget\" data-e-type=\"widget\" data-widget_type=\"text-editor.default\">\n\t\t\t\t\t\t\t\t\t<p><span data-tt=\"{&quot;paragraphStyle&quot;:{&quot;alignment&quot;:4,&quot;writingDirection&quot;:1}}\">La fotograf\u00eda arquitect\u00f3nica nocturna aporta magia a la propiedad. Hay algo surrealista en la forma en que la luz centellea e ilumina la escena, lo que hace que la propiedad sea a\u00fan m\u00e1s encantadora y atractiva que durante el d\u00eda.<\/span><\/p>\t\t\t\t\t\t\t\t<\/div>\n\t\t\t\t<div class=\"elementor-element elementor-element-5da39a4b elementor-widget elementor-widget-text-editor\" data-id=\"5da39a4b\" data-element_type=\"widget\" data-e-type=\"widget\" data-widget_type=\"text-editor.default\">\n\t\t\t\t\t\t\t\t\t<h2><span data-tt=\"{&quot;paragraphStyle&quot;:{&quot;alignment&quot;:4,&quot;writingDirection&quot;:1}}\">Destaca Aspectos Ocultos de la Propiedad<\/span><\/h2><p><span data-tt=\"{&quot;paragraphStyle&quot;:{&quot;alignment&quot;:4,&quot;writingDirection&quot;:1}}\">Hay muchos beneficios al fotografiar una propiedad de noche, pero uno de los m\u00e1s importantes es destacar aspectos del lugar que una sesi\u00f3n durante el d\u00eda podr\u00eda pasar por alto. Por ejemplo, tal vez la propiedad tiene iluminaci\u00f3n incre\u00edble que mejora la seguridad alrededor del camino, la puerta principal, el patio y el \u00e1rea de la piscina. Quiz\u00e1s hay una hoguera brillante en el patio trasero, o la propiedad cuenta con un patio trasero bien iluminado para socializar por la noche. Una sesi\u00f3n durante el d\u00eda no captar\u00e1 ninguno de estos aspectos, mientras que una sesi\u00f3n nocturna realmente los resaltar\u00e1.<\/span><\/p>\t\t\t\t\t\t\t\t<\/div>\n\t\t\t\t\t<\/div>\n\t\t<\/div>\n\t\t\t\t\t<\/div>\n\t\t<\/section>\n\t\t\t\t<\/div>\n\t\t","protected":false},"excerpt":{"rendered":"<p>La fotograf\u00eda arquitect\u00f3nica nocturna aporta magia a la propiedad. Hay algo surrealista en la forma en que la luz centellea e ilumina la escena, lo que hace que la propiedad sea a\u00fan m\u00e1s encantadora y atractiva que durante el d\u00eda. Destaca Aspectos Ocultos de la Propiedad Hay muchos beneficios al fotografiar una propiedad de noche, [&hellip;]<\/p>\n","protected":false},"author":1,"featured_media":0,"parent":0,"menu_order":0,"comment_status":"closed","ping_status":"closed","template":"","meta":{"ocean_post_layout":"full-screen","ocean_both_sidebars_style":"","ocean_both_sidebars_content_width":0,"ocean_both_sidebars_sidebars_width":0,"ocean_sidebar":"0","ocean_second_sidebar":"0","ocean_disable_margins":"enable","ocean_add_body_class":"","ocean_shortcode_before_top_bar":"","ocean_shortcode_after_top_bar":"","ocean_shortcode_before_header":"","ocean_shortcode_after_header":"","ocean_has_shortcode":"","ocean_shortcode_after_title":"","ocean_shortcode_before_footer_widgets":"","ocean_shortcode_after_footer_widgets":"","ocean_shortcode_before_footer_bottom":"","ocean_shortcode_after_footer_bottom":"","ocean_display_top_bar":"default","ocean_display_header":"default","ocean_header_style":"","ocean_center_header_left_menu":"0","ocean_custom_header_template":"0","ocean_custom_logo":0,"ocean_custom_retina_logo":0,"ocean_custom_logo_max_width":0,"ocean_custom_logo_tablet_max_width":0,"ocean_custom_logo_mobile_max_width":0,"ocean_custom_logo_max_height":0,"ocean_custom_logo_tablet_max_height":0,"ocean_custom_logo_mobile_max_height":0,"ocean_header_custom_menu":"89","ocean_menu_typo_font_family":"0","ocean_menu_typo_font_subset":"","ocean_menu_typo_font_size":0,"ocean_menu_typo_font_size_tablet":0,"ocean_menu_typo_font_size_mobile":0,"ocean_menu_typo_font_size_unit":"px","ocean_menu_typo_font_weight":"","ocean_menu_typo_font_weight_tablet":"","ocean_menu_typo_font_weight_mobile":"","ocean_menu_typo_transform":"","ocean_menu_typo_transform_tablet":"","ocean_menu_typo_transform_mobile":"","ocean_menu_typo_line_height":0,"ocean_menu_typo_line_height_tablet":0,"ocean_menu_typo_line_height_mobile":0,"ocean_menu_typo_line_height_unit":"","ocean_menu_typo_spacing":0,"ocean_menu_typo_spacing_tablet":0,"ocean_menu_typo_spacing_mobile":0,"ocean_menu_typo_spacing_unit":"","ocean_menu_link_color":"","ocean_menu_link_color_hover":"","ocean_menu_link_color_active":"","ocean_menu_link_background":"","ocean_menu_link_hover_background":"","ocean_menu_link_active_background":"","ocean_menu_social_links_bg":"","ocean_menu_social_hover_links_bg":"","ocean_menu_social_links_color":"","ocean_menu_social_hover_links_color":"","ocean_disable_title":"default","ocean_disable_heading":"default","ocean_post_title":"","ocean_post_subheading":"","ocean_post_title_style":"","ocean_post_title_background_color":"","ocean_post_title_background":0,"ocean_post_title_bg_image_position":"","ocean_post_title_bg_image_attachment":"","ocean_post_title_bg_image_repeat":"","ocean_post_title_bg_image_size":"","ocean_post_title_height":0,"ocean_post_title_bg_overlay":0.5,"ocean_post_title_bg_overlay_color":"","ocean_disable_breadcrumbs":"off","ocean_breadcrumbs_color":"","ocean_breadcrumbs_separator_color":"","ocean_breadcrumbs_links_color":"","ocean_breadcrumbs_links_hover_color":"","ocean_display_footer_widgets":"default","ocean_display_footer_bottom":"default","ocean_custom_footer_template":"2696","omw_enable_modal_window":"enable","osh_disable_topbar_sticky":"default","osh_disable_header_sticky":"default","osh_sticky_header_style":"default","osh_sticky_header_effect":"","osh_custom_sticky_logo":0,"osh_custom_retina_sticky_logo":0,"osh_custom_sticky_logo_height":0,"osh_background_color":"","osh_links_color":"","osh_links_hover_color":"","osh_links_active_color":"","osh_links_bg_color":"","osh_links_hover_bg_color":"","osh_links_active_bg_color":"","osh_menu_social_links_color":"","osh_menu_social_hover_links_color":"","footnotes":""},"class_list":["post-2535","page","type-page","status-publish","hentry","entry"],"yoast_head":"<!-- This site is optimized with the Yoast SEO plugin v27.3 - https:\/\/yoast.com\/product\/yoast-seo-wordpress\/ -->\n<title>Fotograf\u00eda Nocturna - Tanja Mikolcic Photography<\/title>\n<meta name=\"description\" content=\"La fotograf\u00eda arquitect\u00f3nica nocturna aporta magia a la propiedad. Hay algo surrealista en la forma en que la luz centellea e ilumina la escena, lo que hace que la propiedad sea a\u00fan m\u00e1s encantadora y atractiva que durante el d\u00eda.Destaca Aspectos Ocultos de la PropiedadHay muchos beneficios al fotografiar una propiedad de noche, pero uno de los m\u00e1s importantes es destacar aspectos del lugar que una sesi\u00f3n durante el d\u00eda podr\u00eda pasar por alto. Por ejemplo, tal vez la propiedad tiene iluminaci\u00f3n incre\u00edble que mejora la seguridad alrededor del camino, la puerta principal, el patio y el \u00e1rea de la piscina. Quiz\u00e1s hay una hoguera brillante en el patio trasero, o la propiedad cuenta con un patio trasero bien iluminado para socializar por la noche. Una sesi\u00f3n durante el d\u00eda no captar\u00e1 ninguno de estos aspectos, mientras que una sesi\u00f3n nocturna realmente los resaltar\u00e1.\" \/>\n<meta name=\"robots\" content=\"index, follow, max-snippet:-1, max-image-preview:large, max-video-preview:-1\" \/>\n<link rel=\"canonical\" href=\"https:\/\/tanjamikolcic.com\/index.php\/es\/fotografia-nocturna\/\" \/>\n<meta property=\"og:locale\" content=\"en_GB\" \/>\n<meta property=\"og:type\" content=\"article\" \/>\n<meta property=\"og:title\" content=\"Fotograf\u00eda Nocturna - Tanja Mikolcic Photography\" \/>\n<meta property=\"og:description\" content=\"La fotograf\u00eda arquitect\u00f3nica nocturna aporta magia a la propiedad. Hay algo surrealista en la forma en que la luz centellea e ilumina la escena, lo que hace que la propiedad sea a\u00fan m\u00e1s encantadora y atractiva que durante el d\u00eda.Destaca Aspectos Ocultos de la PropiedadHay muchos beneficios al fotografiar una propiedad de noche, pero uno de los m\u00e1s importantes es destacar aspectos del lugar que una sesi\u00f3n durante el d\u00eda podr\u00eda pasar por alto. Por ejemplo, tal vez la propiedad tiene iluminaci\u00f3n incre\u00edble que mejora la seguridad alrededor del camino, la puerta principal, el patio y el \u00e1rea de la piscina. Quiz\u00e1s hay una hoguera brillante en el patio trasero, o la propiedad cuenta con un patio trasero bien iluminado para socializar por la noche. Una sesi\u00f3n durante el d\u00eda no captar\u00e1 ninguno de estos aspectos, mientras que una sesi\u00f3n nocturna realmente los resaltar\u00e1.\" \/>\n<meta property=\"og:url\" content=\"https:\/\/tanjamikolcic.com\/index.php\/es\/fotografia-nocturna\/\" \/>\n<meta property=\"og:site_name\" content=\"Tanja Mikolcic Photography\" \/>\n<meta property=\"article:publisher\" content=\"https:\/\/www.facebook.com\/tanja.mikolcic\" \/>\n<meta property=\"article:modified_time\" content=\"2023-12-28T11:38:54+00:00\" \/>\n<meta property=\"og:image\" content=\"https:\/\/tanjamikolcic.com\/wp-content\/uploads\/2023\/12\/01-night.jpg\" \/>\n<meta name=\"twitter:card\" content=\"summary_large_image\" \/>\n<meta name=\"twitter:label1\" content=\"Estimated reading time\" \/>\n\t<meta name=\"twitter:data1\" content=\"4 minutes\" \/>\n<script type=\"application\/ld+json\" class=\"yoast-schema-graph\">{\"@context\":\"https:\\\/\\\/schema.org\",\"@graph\":[{\"@type\":\"WebPage\",\"@id\":\"https:\\\/\\\/tanjamikolcic.com\\\/index.php\\\/es\\\/fotografia-nocturna\\\/\",\"url\":\"https:\\\/\\\/tanjamikolcic.com\\\/index.php\\\/es\\\/fotografia-nocturna\\\/\",\"name\":\"Fotograf\u00eda Nocturna - Tanja Mikolcic Photography\",\"isPartOf\":{\"@id\":\"https:\\\/\\\/tanjamikolcic.com\\\/#website\"},\"primaryImageOfPage\":{\"@id\":\"https:\\\/\\\/tanjamikolcic.com\\\/index.php\\\/es\\\/fotografia-nocturna\\\/#primaryimage\"},\"image\":{\"@id\":\"https:\\\/\\\/tanjamikolcic.com\\\/index.php\\\/es\\\/fotografia-nocturna\\\/#primaryimage\"},\"thumbnailUrl\":\"https:\\\/\\\/tanjamikolcic.com\\\/wp-content\\\/uploads\\\/2023\\\/12\\\/01-night.jpg\",\"datePublished\":\"2023-09-04T17:12:15+00:00\",\"dateModified\":\"2023-12-28T11:38:54+00:00\",\"description\":\"La fotograf\u00eda arquitect\u00f3nica nocturna aporta magia a la propiedad. Hay algo surrealista en la forma en que la luz centellea e ilumina la escena, lo que hace que la propiedad sea a\u00fan m\u00e1s encantadora y atractiva que durante el d\u00eda.Destaca Aspectos Ocultos de la PropiedadHay muchos beneficios al fotografiar una propiedad de noche, pero uno de los m\u00e1s importantes es destacar aspectos del lugar que una sesi\u00f3n durante el d\u00eda podr\u00eda pasar por alto. Por ejemplo, tal vez la propiedad tiene iluminaci\u00f3n incre\u00edble que mejora la seguridad alrededor del camino, la puerta principal, el patio y el \u00e1rea de la piscina. Quiz\u00e1s hay una hoguera brillante en el patio trasero, o la propiedad cuenta con un patio trasero bien iluminado para socializar por la noche. Una sesi\u00f3n durante el d\u00eda no captar\u00e1 ninguno de estos aspectos, mientras que una sesi\u00f3n nocturna realmente los resaltar\u00e1.\",\"breadcrumb\":{\"@id\":\"https:\\\/\\\/tanjamikolcic.com\\\/index.php\\\/es\\\/fotografia-nocturna\\\/#breadcrumb\"},\"inLanguage\":\"en-GB\",\"potentialAction\":[{\"@type\":\"ReadAction\",\"target\":[\"https:\\\/\\\/tanjamikolcic.com\\\/index.php\\\/es\\\/fotografia-nocturna\\\/\"]}]},{\"@type\":\"ImageObject\",\"inLanguage\":\"en-GB\",\"@id\":\"https:\\\/\\\/tanjamikolcic.com\\\/index.php\\\/es\\\/fotografia-nocturna\\\/#primaryimage\",\"url\":\"https:\\\/\\\/tanjamikolcic.com\\\/wp-content\\\/uploads\\\/2023\\\/12\\\/01-night.jpg\",\"contentUrl\":\"https:\\\/\\\/tanjamikolcic.com\\\/wp-content\\\/uploads\\\/2023\\\/12\\\/01-night.jpg\",\"width\":1623,\"height\":1080},{\"@type\":\"BreadcrumbList\",\"@id\":\"https:\\\/\\\/tanjamikolcic.com\\\/index.php\\\/es\\\/fotografia-nocturna\\\/#breadcrumb\",\"itemListElement\":[{\"@type\":\"ListItem\",\"position\":1,\"name\":\"Architectural, Portrait and Product Photography\",\"item\":\"https:\\\/\\\/tanjamikolcic.com\\\/index.php\\\/de\\\/tanja-mikolcic-photography\\\/\"},{\"@type\":\"ListItem\",\"position\":2,\"name\":\"Fotograf\u00eda Nocturna\"}]},{\"@type\":\"WebSite\",\"@id\":\"https:\\\/\\\/tanjamikolcic.com\\\/#website\",\"url\":\"https:\\\/\\\/tanjamikolcic.com\\\/\",\"name\":\"Tanja Mikolcic Photography\",\"description\":\"Architectural, Portrait and Product Photography\",\"publisher\":{\"@id\":\"https:\\\/\\\/tanjamikolcic.com\\\/#organization\"},\"potentialAction\":[{\"@type\":\"SearchAction\",\"target\":{\"@type\":\"EntryPoint\",\"urlTemplate\":\"https:\\\/\\\/tanjamikolcic.com\\\/?s={search_term_string}\"},\"query-input\":{\"@type\":\"PropertyValueSpecification\",\"valueRequired\":true,\"valueName\":\"search_term_string\"}}],\"inLanguage\":\"en-GB\"},{\"@type\":\"Organization\",\"@id\":\"https:\\\/\\\/tanjamikolcic.com\\\/#organization\",\"name\":\"Tanja Mikolcic\",\"url\":\"https:\\\/\\\/tanjamikolcic.com\\\/\",\"logo\":{\"@type\":\"ImageObject\",\"inLanguage\":\"en-GB\",\"@id\":\"https:\\\/\\\/tanjamikolcic.com\\\/#\\\/schema\\\/logo\\\/image\\\/\",\"url\":\"https:\\\/\\\/tanjamikolcic.com\\\/wp-content\\\/uploads\\\/2023\\\/07\\\/cropped-Tanja-Mikolcic-Photography-520x180-1.png\",\"contentUrl\":\"https:\\\/\\\/tanjamikolcic.com\\\/wp-content\\\/uploads\\\/2023\\\/07\\\/cropped-Tanja-Mikolcic-Photography-520x180-1.png\",\"width\":490,\"height\":179,\"caption\":\"Tanja Mikolcic\"},\"image\":{\"@id\":\"https:\\\/\\\/tanjamikolcic.com\\\/#\\\/schema\\\/logo\\\/image\\\/\"},\"sameAs\":[\"https:\\\/\\\/www.facebook.com\\\/tanja.mikolcic\",\"https:\\\/\\\/www.instagram.com\\\/tanja.mikolcic\\\/\"]}]}<\/script>\n<!-- \/ Yoast SEO plugin. -->","yoast_head_json":{"title":"Fotograf\u00eda Nocturna - Tanja Mikolcic Photography","description":"La fotograf\u00eda arquitect\u00f3nica nocturna aporta magia a la propiedad. Hay algo surrealista en la forma en que la luz centellea e ilumina la escena, lo que hace que la propiedad sea a\u00fan m\u00e1s encantadora y atractiva que durante el d\u00eda.Destaca Aspectos Ocultos de la PropiedadHay muchos beneficios al fotografiar una propiedad de noche, pero uno de los m\u00e1s importantes es destacar aspectos del lugar que una sesi\u00f3n durante el d\u00eda podr\u00eda pasar por alto. Por ejemplo, tal vez la propiedad tiene iluminaci\u00f3n incre\u00edble que mejora la seguridad alrededor del camino, la puerta principal, el patio y el \u00e1rea de la piscina. Quiz\u00e1s hay una hoguera brillante en el patio trasero, o la propiedad cuenta con un patio trasero bien iluminado para socializar por la noche. Una sesi\u00f3n durante el d\u00eda no captar\u00e1 ninguno de estos aspectos, mientras que una sesi\u00f3n nocturna realmente los resaltar\u00e1.","robots":{"index":"index","follow":"follow","max-snippet":"max-snippet:-1","max-image-preview":"max-image-preview:large","max-video-preview":"max-video-preview:-1"},"canonical":"https:\/\/tanjamikolcic.com\/index.php\/es\/fotografia-nocturna\/","og_locale":"en_GB","og_type":"article","og_title":"Fotograf\u00eda Nocturna - Tanja Mikolcic Photography","og_description":"La fotograf\u00eda arquitect\u00f3nica nocturna aporta magia a la propiedad. Hay algo surrealista en la forma en que la luz centellea e ilumina la escena, lo que hace que la propiedad sea a\u00fan m\u00e1s encantadora y atractiva que durante el d\u00eda.Destaca Aspectos Ocultos de la PropiedadHay muchos beneficios al fotografiar una propiedad de noche, pero uno de los m\u00e1s importantes es destacar aspectos del lugar que una sesi\u00f3n durante el d\u00eda podr\u00eda pasar por alto. Por ejemplo, tal vez la propiedad tiene iluminaci\u00f3n incre\u00edble que mejora la seguridad alrededor del camino, la puerta principal, el patio y el \u00e1rea de la piscina. Quiz\u00e1s hay una hoguera brillante en el patio trasero, o la propiedad cuenta con un patio trasero bien iluminado para socializar por la noche. Una sesi\u00f3n durante el d\u00eda no captar\u00e1 ninguno de estos aspectos, mientras que una sesi\u00f3n nocturna realmente los resaltar\u00e1.","og_url":"https:\/\/tanjamikolcic.com\/index.php\/es\/fotografia-nocturna\/","og_site_name":"Tanja Mikolcic Photography","article_publisher":"https:\/\/www.facebook.com\/tanja.mikolcic","article_modified_time":"2023-12-28T11:38:54+00:00","og_image":[{"url":"https:\/\/tanjamikolcic.com\/wp-content\/uploads\/2023\/12\/01-night.jpg","type":"","width":"","height":""}],"twitter_card":"summary_large_image","twitter_misc":{"Estimated reading time":"4 minutes"},"schema":{"@context":"https:\/\/schema.org","@graph":[{"@type":"WebPage","@id":"https:\/\/tanjamikolcic.com\/index.php\/es\/fotografia-nocturna\/","url":"https:\/\/tanjamikolcic.com\/index.php\/es\/fotografia-nocturna\/","name":"Fotograf\u00eda Nocturna - Tanja Mikolcic Photography","isPartOf":{"@id":"https:\/\/tanjamikolcic.com\/#website"},"primaryImageOfPage":{"@id":"https:\/\/tanjamikolcic.com\/index.php\/es\/fotografia-nocturna\/#primaryimage"},"image":{"@id":"https:\/\/tanjamikolcic.com\/index.php\/es\/fotografia-nocturna\/#primaryimage"},"thumbnailUrl":"https:\/\/tanjamikolcic.com\/wp-content\/uploads\/2023\/12\/01-night.jpg","datePublished":"2023-09-04T17:12:15+00:00","dateModified":"2023-12-28T11:38:54+00:00","description":"La fotograf\u00eda arquitect\u00f3nica nocturna aporta magia a la propiedad. Hay algo surrealista en la forma en que la luz centellea e ilumina la escena, lo que hace que la propiedad sea a\u00fan m\u00e1s encantadora y atractiva que durante el d\u00eda.Destaca Aspectos Ocultos de la PropiedadHay muchos beneficios al fotografiar una propiedad de noche, pero uno de los m\u00e1s importantes es destacar aspectos del lugar que una sesi\u00f3n durante el d\u00eda podr\u00eda pasar por alto. Por ejemplo, tal vez la propiedad tiene iluminaci\u00f3n incre\u00edble que mejora la seguridad alrededor del camino, la puerta principal, el patio y el \u00e1rea de la piscina. Quiz\u00e1s hay una hoguera brillante en el patio trasero, o la propiedad cuenta con un patio trasero bien iluminado para socializar por la noche. Una sesi\u00f3n durante el d\u00eda no captar\u00e1 ninguno de estos aspectos, mientras que una sesi\u00f3n nocturna realmente los resaltar\u00e1.","breadcrumb":{"@id":"https:\/\/tanjamikolcic.com\/index.php\/es\/fotografia-nocturna\/#breadcrumb"},"inLanguage":"en-GB","potentialAction":[{"@type":"ReadAction","target":["https:\/\/tanjamikolcic.com\/index.php\/es\/fotografia-nocturna\/"]}]},{"@type":"ImageObject","inLanguage":"en-GB","@id":"https:\/\/tanjamikolcic.com\/index.php\/es\/fotografia-nocturna\/#primaryimage","url":"https:\/\/tanjamikolcic.com\/wp-content\/uploads\/2023\/12\/01-night.jpg","contentUrl":"https:\/\/tanjamikolcic.com\/wp-content\/uploads\/2023\/12\/01-night.jpg","width":1623,"height":1080},{"@type":"BreadcrumbList","@id":"https:\/\/tanjamikolcic.com\/index.php\/es\/fotografia-nocturna\/#breadcrumb","itemListElement":[{"@type":"ListItem","position":1,"name":"Architectural, Portrait and Product Photography","item":"https:\/\/tanjamikolcic.com\/index.php\/de\/tanja-mikolcic-photography\/"},{"@type":"ListItem","position":2,"name":"Fotograf\u00eda Nocturna"}]},{"@type":"WebSite","@id":"https:\/\/tanjamikolcic.com\/#website","url":"https:\/\/tanjamikolcic.com\/","name":"Tanja Mikolcic Photography","description":"Architectural, Portrait and Product Photography","publisher":{"@id":"https:\/\/tanjamikolcic.com\/#organization"},"potentialAction":[{"@type":"SearchAction","target":{"@type":"EntryPoint","urlTemplate":"https:\/\/tanjamikolcic.com\/?s={search_term_string}"},"query-input":{"@type":"PropertyValueSpecification","valueRequired":true,"valueName":"search_term_string"}}],"inLanguage":"en-GB"},{"@type":"Organization","@id":"https:\/\/tanjamikolcic.com\/#organization","name":"Tanja Mikolcic","url":"https:\/\/tanjamikolcic.com\/","logo":{"@type":"ImageObject","inLanguage":"en-GB","@id":"https:\/\/tanjamikolcic.com\/#\/schema\/logo\/image\/","url":"https:\/\/tanjamikolcic.com\/wp-content\/uploads\/2023\/07\/cropped-Tanja-Mikolcic-Photography-520x180-1.png","contentUrl":"https:\/\/tanjamikolcic.com\/wp-content\/uploads\/2023\/07\/cropped-Tanja-Mikolcic-Photography-520x180-1.png","width":490,"height":179,"caption":"Tanja Mikolcic"},"image":{"@id":"https:\/\/tanjamikolcic.com\/#\/schema\/logo\/image\/"},"sameAs":["https:\/\/www.facebook.com\/tanja.mikolcic","https:\/\/www.instagram.com\/tanja.mikolcic\/"]}]}},"_links":{"self":[{"href":"https:\/\/tanjamikolcic.com\/index.php\/wp-json\/wp\/v2\/pages\/2535","targetHints":{"allow":["GET"]}}],"collection":[{"href":"https:\/\/tanjamikolcic.com\/index.php\/wp-json\/wp\/v2\/pages"}],"about":[{"href":"https:\/\/tanjamikolcic.com\/index.php\/wp-json\/wp\/v2\/types\/page"}],"author":[{"embeddable":true,"href":"https:\/\/tanjamikolcic.com\/index.php\/wp-json\/wp\/v2\/users\/1"}],"replies":[{"embeddable":true,"href":"https:\/\/tanjamikolcic.com\/index.php\/wp-json\/wp\/v2\/comments?post=2535"}],"version-history":[{"count":0,"href":"https:\/\/tanjamikolcic.com\/index.php\/wp-json\/wp\/v2\/pages\/2535\/revisions"}],"wp:attachment":[{"href":"https:\/\/tanjamikolcic.com\/index.php\/wp-json\/wp\/v2\/media?parent=2535"}],"curies":[{"name":"wp","href":"https:\/\/api.w.org\/{rel}","templated":true}]}}